{"id":1093,"date":"2021-04-15T10:08:42","date_gmt":"2021-04-15T10:08:42","guid":{"rendered":"https:\/\/tangotravel.us\/?page_id=1093"},"modified":"2021-04-15T10:48:03","modified_gmt":"2021-04-15T10:48:03","slug":"covid-19","status":"publish","type":"page","link":"https:\/\/tangotravel.us\/en\/covid-19\/","title":{"rendered":"Covid-19"},"content":{"rendered":"<div data-elementor-type=\"wp-page\" data-elementor-id=\"1093\" class=\"elementor elementor-1093\" data-elementor-post-type=\"page\">\n\t\t\t\t\t\t<section class=\"elementor-section elementor-top-section elementor-element elementor-element-33500af elementor-section-boxed elementor-section-height-default elementor-section-height-default\" data-id=\"33500af\" data-element_type=\"section\" data-settings=\"{&quot;background_background&quot;:&quot;classic&quot;}\">\n\t\t\t\t\t\t<div class=\"elementor-container elementor-column-gap-default\">\n\t\t\t\t\t<div class=\"elementor-column elementor-col-100 elementor-top-column elementor-element elementor-element-2675557\" data-id=\"2675557\" data-element_type=\"column\">\n\t\t\t<div class=\"elementor-widget-wrap elementor-element-populated\">\n\t\t\t\t\t\t<div class=\"elementor-element elementor-element-cb27cb7 elementor-widget-divider--view-line elementor-widget elementor-widget-divider\" data-id=\"cb27cb7\" data-element_type=\"widget\" data-widget_type=\"divider.default\">\n\t\t\t\t<div class=\"elementor-widget-container\">\n\t\t\t\t\t<div class=\"elementor-divider\">\n\t\t\t<span class=\"elementor-divider-separator\">\n\t\t\t\t\t\t<\/span>\n\t\t<\/div>\n\t\t\t\t<\/div>\n\t\t\t\t<\/div>\n\t\t\t\t<div class=\"elementor-element elementor-element-cef6056 elementor-widget elementor-widget-heading\" data-id=\"cef6056\" data-element_type=\"widget\" data-widget_type=\"heading.default\">\n\t\t\t\t<div class=\"elementor-widget-container\">\n\t\t\t<h2 class=\"elementor-heading-title elementor-size-default\">Covid-19<\/h2>\t\t<\/div>\n\t\t\t\t<\/div>\n\t\t\t\t<div class=\"elementor-element elementor-element-84bcb99 elementor-widget-divider--view-line elementor-widget elementor-widget-divider\" data-id=\"84bcb99\" data-element_type=\"widget\" data-widget_type=\"divider.default\">\n\t\t\t\t<div class=\"elementor-widget-container\">\n\t\t\t\t\t<div class=\"elementor-divider\">\n\t\t\t<span class=\"elementor-divider-separator\">\n\t\t\t\t\t\t<\/span>\n\t\t<\/div>\n\t\t\t\t<\/div>\n\t\t\t\t<\/div>\n\t\t\t\t\t<\/div>\n\t\t<\/div>\n\t\t\t\t\t<\/div>\n\t\t<\/section>\n\t\t\t\t<section class=\"elementor-section elementor-top-section elementor-element elementor-element-54b1d99 elementor-section-boxed elementor-section-height-default elementor-section-height-default\" data-id=\"54b1d99\" data-element_type=\"section\" data-settings=\"{&quot;background_background&quot;:&quot;classic&quot;}\">\n\t\t\t\t\t\t<div class=\"elementor-container elementor-column-gap-default\">\n\t\t\t\t\t<div class=\"elementor-column elementor-col-66 elementor-top-column elementor-element elementor-element-a45451b\" data-id=\"a45451b\" data-element_type=\"column\">\n\t\t\t<div class=\"elementor-widget-wrap elementor-element-populated\">\n\t\t\t\t\t\t<div class=\"elementor-element elementor-element-4c62616 elementor-grid-2 elementor-grid-tablet-2 elementor-grid-mobile-1 elementor-posts--thumbnail-top elementor-card-shadow-yes elementor-posts__hover-gradient elementor-widget elementor-widget-posts\" data-id=\"4c62616\" data-element_type=\"widget\" data-settings=\"{&quot;cards_columns&quot;:&quot;2&quot;,&quot;cards_columns_tablet&quot;:&quot;2&quot;,&quot;cards_columns_mobile&quot;:&quot;1&quot;,&quot;cards_row_gap&quot;:{&quot;unit&quot;:&quot;px&quot;,&quot;size&quot;:35,&quot;sizes&quot;:[]},&quot;cards_row_gap_tablet&quot;:{&quot;unit&quot;:&quot;px&quot;,&quot;size&quot;:&quot;&quot;,&quot;sizes&quot;:[]},&quot;cards_row_gap_mobile&quot;:{&quot;unit&quot;:&quot;px&quot;,&quot;size&quot;:&quot;&quot;,&quot;sizes&quot;:[]}}\" data-widget_type=\"posts.cards\">\n\t\t\t\t<div class=\"elementor-widget-container\">\n\t\t\t\t\t<div class=\"elementor-posts-container elementor-posts elementor-posts--skin-cards elementor-grid\">\n\t\t\t\t<article class=\"elementor-post elementor-grid-item post-1300 post type-post status-publish format-standard has-post-thumbnail hentry category-covid-19 category-noticias tag-actualidad tag-covid-19 tag-turismo tag-vacunas tag-viajes\">\n\t\t\t<div class=\"elementor-post__card\">\n\t\t\t\t<a class=\"elementor-post__thumbnail__link\" href=\"https:\/\/tangotravel.us\/en\/covid-19-panorama-mundial\/\" tabindex=\"-1\" ><div class=\"elementor-post__thumbnail\"><img fetchpriority=\"high\" decoding=\"async\" width=\"255\" height=\"300\" src=\"https:\/\/tangotravel.us\/wp-content\/uploads\/2021\/05\/element5-digital-h9eOO7W5m2s-unsplash-255x300.jpg\" class=\"attachment-medium size-medium wp-image-1301\" alt=\"\" srcset=\"https:\/\/tangotravel.us\/wp-content\/uploads\/2021\/05\/element5-digital-h9eOO7W5m2s-unsplash-255x300.jpg 255w, https:\/\/tangotravel.us\/wp-content\/uploads\/2021\/05\/element5-digital-h9eOO7W5m2s-unsplash-872x1024.jpg 872w, https:\/\/tangotravel.us\/wp-content\/uploads\/2021\/05\/element5-digital-h9eOO7W5m2s-unsplash-768x902.jpg 768w, https:\/\/tangotravel.us\/wp-content\/uploads\/2021\/05\/element5-digital-h9eOO7W5m2s-unsplash-1307x1536.jpg 1307w, https:\/\/tangotravel.us\/wp-content\/uploads\/2021\/05\/element5-digital-h9eOO7W5m2s-unsplash-1743x2048.jpg 1743w, https:\/\/tangotravel.us\/wp-content\/uploads\/2021\/05\/element5-digital-h9eOO7W5m2s-unsplash-10x12.jpg 10w\" sizes=\"(max-width: 255px) 100vw, 255px\" \/><\/div><\/a>\n\t\t\t\t<div class=\"elementor-post__badge\">Covid-19<\/div>\n\t\t\t\t<div class=\"elementor-post__text\">\n\t\t\t\t<h3 class=\"elementor-post__title\">\n\t\t\t<a href=\"https:\/\/tangotravel.us\/en\/covid-19-panorama-mundial\/\" >\n\t\t\t\tCovid-19 worldwide\t\t\t<\/a>\n\t\t<\/h3>\n\t\t\t\t<div class=\"elementor-post__excerpt\">\n\t\t\t<p>The COVID-19 has an expiration date. Difficulties appear if it is not taken into account that there are, at least, 8 months remaining for those countries which have not distributed vaccines massively to keep their restrictions and preventive measures. These will be necessary in order to prevent small and medium-sized businesses that have survived the 2020 crisis from going bankrupt.<\/p>\n\t\t<\/div>\n\t\t\n\t\t<a class=\"elementor-post__read-more\" href=\"https:\/\/tangotravel.us\/en\/covid-19-panorama-mundial\/\" aria-label=\"Read more about COVID-19: panorama mundial\" tabindex=\"-1\" >\n\t\t\tRead more \u00bb\t\t<\/a>\n\n\t\t\t\t<\/div>\n\t\t\t\t<div class=\"elementor-post__meta-data\">\n\t\t\t\t\t<span class=\"elementor-post-date\">\n\t\t\tMay 4, 2021\t\t<\/span>\n\t\t\t\t<span class=\"elementor-post-avatar\">\n\t\t\tNo Comments\t\t<\/span>\n\t\t\t\t<\/div>\n\t\t\t\t\t<\/div>\n\t\t<\/article>\n\t\t\t\t<article class=\"elementor-post elementor-grid-item post-1286 post type-post status-publish format-standard has-post-thumbnail hentry category-covid-19 tag-argentina tag-covid-19 tag-miami tag-vacunas\">\n\t\t\t<div class=\"elementor-post__card\">\n\t\t\t\t<a class=\"elementor-post__thumbnail__link\" href=\"https:\/\/tangotravel.us\/en\/estar-vacunado-exime-de-pcr-y-aislamiento-obligatorio-al-momento-de-viajar\/\" tabindex=\"-1\" ><div class=\"elementor-post__thumbnail\"><img decoding=\"async\" width=\"300\" height=\"200\" src=\"https:\/\/tangotravel.us\/wp-content\/uploads\/2021\/04\/vacunado-exime-de-PCR-300x200.jpg\" class=\"attachment-medium size-medium wp-image-1287\" alt=\"vacunado exime de PCR\" srcset=\"https:\/\/tangotravel.us\/wp-content\/uploads\/2021\/04\/vacunado-exime-de-PCR-300x200.jpg 300w, https:\/\/tangotravel.us\/wp-content\/uploads\/2021\/04\/vacunado-exime-de-PCR-16x12.jpg 16w, https:\/\/tangotravel.us\/wp-content\/uploads\/2021\/04\/vacunado-exime-de-PCR.jpg 640w\" sizes=\"(max-width: 300px) 100vw, 300px\" \/><\/div><\/a>\n\t\t\t\t<div class=\"elementor-post__badge\">Covid-19<\/div>\n\t\t\t\t<div class=\"elementor-post__text\">\n\t\t\t\t<h3 class=\"elementor-post__title\">\n\t\t\t<a href=\"https:\/\/tangotravel.us\/en\/estar-vacunado-exime-de-pcr-y-aislamiento-obligatorio-al-momento-de-viajar\/\" >\n\t\t\t\tDoes being vaccinated exempts you from the PCR and obligatory lockdown at the moment of traveling?\t\t\t<\/a>\n\t\t<\/h3>\n\t\t\t\t<div class=\"elementor-post__excerpt\">\n\t\t\t<p>Estar vacunado es una gran ventaja en esta realidad donde el COVID-19 es una constante. En el caso de que viajen, pueden disfrutar de un destino tur\u00edstico sin grandes preocupaciones o impedimentos. Solamente se deben seguir los distintos protocolos para, en el caso de estar contagiados, no transmitir el virus.<\/p>\n\t\t<\/div>\n\t\t\n\t\t<a class=\"elementor-post__read-more\" href=\"https:\/\/tangotravel.us\/en\/estar-vacunado-exime-de-pcr-y-aislamiento-obligatorio-al-momento-de-viajar\/\" aria-label=\"Read more about \u00bfEstar vacunado exime de PCR y aislamiento obligatorio al momento de viajar?\" tabindex=\"-1\" >\n\t\t\tRead more \u00bb\t\t<\/a>\n\n\t\t\t\t<\/div>\n\t\t\t\t<div class=\"elementor-post__meta-data\">\n\t\t\t\t\t<span class=\"elementor-post-date\">\n\t\t\tApril 20, 2021\t\t<\/span>\n\t\t\t\t<span class=\"elementor-post-avatar\">\n\t\t\tNo Comments\t\t<\/span>\n\t\t\t\t<\/div>\n\t\t\t\t\t<\/div>\n\t\t<\/article>\n\t\t\t\t<article class=\"elementor-post elementor-grid-item post-1283 post type-post status-publish format-standard has-post-thumbnail hentry category-covid-19 category-noticias\">\n\t\t\t<div class=\"elementor-post__card\">\n\t\t\t\t<a class=\"elementor-post__thumbnail__link\" href=\"https:\/\/tangotravel.us\/en\/restricciones-para-ingresar-a-estados-unidos\/\" tabindex=\"-1\" ><div class=\"elementor-post__thumbnail\"><img decoding=\"async\" width=\"300\" height=\"200\" src=\"https:\/\/tangotravel.us\/wp-content\/uploads\/2021\/04\/Restricciones-para-ingresar-a-Estados-Unidos-300x200.jpg\" class=\"attachment-medium size-medium wp-image-1284\" alt=\"Restricciones para ingresar a Estados Unidos\" srcset=\"https:\/\/tangotravel.us\/wp-content\/uploads\/2021\/04\/Restricciones-para-ingresar-a-Estados-Unidos-300x200.jpg 300w, https:\/\/tangotravel.us\/wp-content\/uploads\/2021\/04\/Restricciones-para-ingresar-a-Estados-Unidos-16x12.jpg 16w, https:\/\/tangotravel.us\/wp-content\/uploads\/2021\/04\/Restricciones-para-ingresar-a-Estados-Unidos.jpg 640w\" sizes=\"(max-width: 300px) 100vw, 300px\" \/><\/div><\/a>\n\t\t\t\t<div class=\"elementor-post__badge\">Covid-19<\/div>\n\t\t\t\t<div class=\"elementor-post__text\">\n\t\t\t\t<h3 class=\"elementor-post__title\">\n\t\t\t<a href=\"https:\/\/tangotravel.us\/en\/restricciones-para-ingresar-a-estados-unidos\/\" >\n\t\t\t\tRestrictions to enter the United States\t\t\t<\/a>\n\t\t<\/h3>\n\t\t\t\t<div class=\"elementor-post__excerpt\">\n\t\t\t<p>Estados Unidos es uno de los pa\u00edses con el porcentaje m\u00e1s alto de vacunados en el mundo hasta el momento. Sin embargo, esto no significa<\/p>\n\t\t<\/div>\n\t\t\n\t\t<a class=\"elementor-post__read-more\" href=\"https:\/\/tangotravel.us\/en\/restricciones-para-ingresar-a-estados-unidos\/\" aria-label=\"Read more about Restricciones para ingresar a Estados Unidos\" tabindex=\"-1\" >\n\t\t\tRead more \u00bb\t\t<\/a>\n\n\t\t\t\t<\/div>\n\t\t\t\t<div class=\"elementor-post__meta-data\">\n\t\t\t\t\t<span class=\"elementor-post-date\">\n\t\t\tApril 20, 2021\t\t<\/span>\n\t\t\t\t<span class=\"elementor-post-avatar\">\n\t\t\tNo Comments\t\t<\/span>\n\t\t\t\t<\/div>\n\t\t\t\t\t<\/div>\n\t\t<\/article>\n\t\t\t\t<article class=\"elementor-post elementor-grid-item post-1280 post type-post status-publish format-standard has-post-thumbnail hentry category-covid-19\">\n\t\t\t<div class=\"elementor-post__card\">\n\t\t\t\t<a class=\"elementor-post__thumbnail__link\" href=\"https:\/\/tangotravel.us\/en\/es-seguro-viajar-durante-la-pandemia\/\" tabindex=\"-1\" ><div class=\"elementor-post__thumbnail\"><img loading=\"lazy\" decoding=\"async\" width=\"300\" height=\"237\" src=\"https:\/\/tangotravel.us\/wp-content\/uploads\/2021\/04\/seguridad-viajar-pandemia-300x237.jpg\" class=\"attachment-medium size-medium wp-image-1281\" alt=\"seguridad viajar pandemia\" srcset=\"https:\/\/tangotravel.us\/wp-content\/uploads\/2021\/04\/seguridad-viajar-pandemia-300x237.jpg 300w, https:\/\/tangotravel.us\/wp-content\/uploads\/2021\/04\/seguridad-viajar-pandemia-16x12.jpg 16w, https:\/\/tangotravel.us\/wp-content\/uploads\/2021\/04\/seguridad-viajar-pandemia.jpg 640w\" sizes=\"(max-width: 300px) 100vw, 300px\" \/><\/div><\/a>\n\t\t\t\t<div class=\"elementor-post__badge\">Covid-19<\/div>\n\t\t\t\t<div class=\"elementor-post__text\">\n\t\t\t\t<h3 class=\"elementor-post__title\">\n\t\t\t<a href=\"https:\/\/tangotravel.us\/en\/es-seguro-viajar-durante-la-pandemia\/\" >\n\t\t\t\tIs it safe to travel during the pandemic?\t\t\t<\/a>\n\t\t<\/h3>\n\t\t\t\t<div class=\"elementor-post__excerpt\">\n\t\t\t<p>La vacunaci\u00f3n masiva dej\u00f3 de ser una fantas\u00eda para convertirse en una realidad: las inyecciones de cada una de las variantes se est\u00e1n repartiendo en<\/p>\n\t\t<\/div>\n\t\t\n\t\t<a class=\"elementor-post__read-more\" href=\"https:\/\/tangotravel.us\/en\/es-seguro-viajar-durante-la-pandemia\/\" aria-label=\"Read more about \u00bfEs seguro viajar durante la pandemia?\" tabindex=\"-1\" >\n\t\t\tRead more \u00bb\t\t<\/a>\n\n\t\t\t\t<\/div>\n\t\t\t\t<div class=\"elementor-post__meta-data\">\n\t\t\t\t\t<span class=\"elementor-post-date\">\n\t\t\tApril 20, 2021\t\t<\/span>\n\t\t\t\t<span class=\"elementor-post-avatar\">\n\t\t\tNo Comments\t\t<\/span>\n\t\t\t\t<\/div>\n\t\t\t\t\t<\/div>\n\t\t<\/article>\n\t\t\t\t<article class=\"elementor-post elementor-grid-item post-1065 post type-post status-publish format-standard has-post-thumbnail hentry category-covid-19 category-noticias\">\n\t\t\t<div class=\"elementor-post__card\">\n\t\t\t\t<a class=\"elementor-post__thumbnail__link\" href=\"https:\/\/tangotravel.us\/en\/restricciones-de-viaje-desde-estados-unidos-hacia-argentina\/\" tabindex=\"-1\" ><div class=\"elementor-post__thumbnail\"><img loading=\"lazy\" decoding=\"async\" width=\"300\" height=\"200\" src=\"https:\/\/tangotravel.us\/wp-content\/uploads\/2021\/02\/reserva-de-tickets-300x200.jpg\" class=\"attachment-medium size-medium wp-image-657\" alt=\"reserva de tickets\" srcset=\"https:\/\/tangotravel.us\/wp-content\/uploads\/2021\/02\/reserva-de-tickets-300x200.jpg 300w, https:\/\/tangotravel.us\/wp-content\/uploads\/2021\/02\/reserva-de-tickets-768x512.jpg 768w, https:\/\/tangotravel.us\/wp-content\/uploads\/2021\/02\/reserva-de-tickets-16x12.jpg 16w, https:\/\/tangotravel.us\/wp-content\/uploads\/2021\/02\/reserva-de-tickets.jpg 900w\" sizes=\"(max-width: 300px) 100vw, 300px\" \/><\/div><\/a>\n\t\t\t\t<div class=\"elementor-post__badge\">Covid-19<\/div>\n\t\t\t\t<div class=\"elementor-post__text\">\n\t\t\t\t<h3 class=\"elementor-post__title\">\n\t\t\t<a href=\"https:\/\/tangotravel.us\/en\/restricciones-de-viaje-desde-estados-unidos-hacia-argentina\/\" >\n\t\t\t\tRestrictions to travel from the United States to Argentina\t\t\t<\/a>\n\t\t<\/h3>\n\t\t\t\t<div class=\"elementor-post__excerpt\">\n\t\t\t<p>Argentina, actualmente, est\u00e1 atravesando la tan temida segunda ola. Las restricciones y los controles sobre los viajeros extranjeros aumentaron junto con distintas medidas de aislamiento<\/p>\n\t\t<\/div>\n\t\t\n\t\t<a class=\"elementor-post__read-more\" href=\"https:\/\/tangotravel.us\/en\/restricciones-de-viaje-desde-estados-unidos-hacia-argentina\/\" aria-label=\"Read more about Restricciones de viaje desde Estados Unidos hacia Argentina\" tabindex=\"-1\" >\n\t\t\tRead more \u00bb\t\t<\/a>\n\n\t\t\t\t<\/div>\n\t\t\t\t<div class=\"elementor-post__meta-data\">\n\t\t\t\t\t<span class=\"elementor-post-date\">\n\t\t\tApril 16, 2021\t\t<\/span>\n\t\t\t\t<span class=\"elementor-post-avatar\">\n\t\t\tNo Comments\t\t<\/span>\n\t\t\t\t<\/div>\n\t\t\t\t\t<\/div>\n\t\t<\/article>\n\t\t\t\t<\/div>\n\t\t\n\t\t\t\t<\/div>\n\t\t\t\t<\/div>\n\t\t\t\t<div class=\"elementor-element elementor-element-46fe5dd elementor-widget elementor-widget-spacer\" data-id=\"46fe5dd\" data-element_type=\"widget\" data-widget_type=\"spacer.default\">\n\t\t\t\t<div class=\"elementor-widget-container\">\n\t\t\t\t\t<div class=\"elementor-spacer\">\n\t\t\t<div class=\"elementor-spacer-inner\"><\/div>\n\t\t<\/div>\n\t\t\t\t<\/div>\n\t\t\t\t<\/div>\n\t\t\t\t\t<\/div>\n\t\t<\/div>\n\t\t\t\t<div class=\"elementor-column elementor-col-33 elementor-top-column elementor-element elementor-element-696a3d3\" data-id=\"696a3d3\" data-element_type=\"column\">\n\t\t\t<div class=\"elementor-widget-wrap elementor-element-populated\">\n\t\t\t\t\t\t<div class=\"elementor-element elementor-element-45bafe1 elementor-widget elementor-widget-sidebar\" data-id=\"45bafe1\" data-element_type=\"widget\" data-widget_type=\"sidebar.default\">\n\t\t\t\t<div class=\"elementor-widget-container\">\n\t\t\t<aside id=\"text-2\" class=\"widget widget_text\">\t\t\t<div class=\"textwidget\"><h4>Categories<\/h4>\n<ul>\n<li><strong><a href=\"https:\/\/tangotravel.us\/en\/covid-19\/\" style=\"color: red;\">Covid-19<\/a><\/strong><\/li>\n<li><a href=\"https:\/\/tangotravel.us\/en\/noticias\/\">News<\/a><\/li>\n<li><a href=\"https:\/\/tangotravel.us\/en\/destinos\/\">Destinations<\/a><\/li>\n<li><a href=\"https:\/\/tangotravel.us\/en\/aerolineas\/\">Airlines<\/a><\/li>\n<li><a href=\"https:\/\/tangotravel.us\/en\/hoteles\/\">Hotels<\/a><\/li>\n<li><a href=\"https:\/\/tangotravel.us\/en\/gastronomia\/\">Gastronomy<\/a><\/li>\n<li><a href=\"https:\/\/tangotravel.us\/en\/perfiles\/\">Profiles<\/a><\/li>\n<\/ul>\n<\/div>\n\t\t<\/aside>\t\t<\/div>\n\t\t\t\t<\/div>\n\t\t\t\t\t<\/div>\n\t\t<\/div>\n\t\t\t\t\t<\/div>\n\t\t<\/section>\n\t\t\t\t<\/div>","protected":false},"excerpt":{"rendered":"<p>Covid-19<\/p>","protected":false},"author":1,"featured_media":0,"parent":0,"menu_order":0,"comment_status":"closed","ping_status":"closed","template":"","meta":{"site-sidebar-layout":"no-sidebar","site-content-layout":"page-builder","ast-site-content-layout":"","site-content-style":"default","site-sidebar-style":"default","ast-global-header-display":"","ast-banner-title-visibility":"","ast-main-header-display":"","ast-hfb-above-header-display":"","ast-hfb-below-header-display":"","ast-hfb-mobile-header-display":"","site-post-title":"disabled","ast-breadcrumbs-content":"","ast-featured-img":"disabled","footer-sml-layout":"","theme-transparent-header-meta":"default","adv-header-id-meta":"","stick-header-meta":"","header-above-stick-meta":"","header-main-stick-meta":"","header-below-stick-meta":"","astra-migrate-meta-layouts":"default","ast-page-background-enabled":"default","ast-page-background-meta":{"desktop":{"background-color":"","background-image":"","background-repeat":"repeat","background-position":"center center","background-size":"auto","background-attachment":"scroll","background-type":"","background-media":"","overlay-type":"","overlay-color":"","overlay-opacity":"","overlay-gradient":""},"tablet":{"background-color":"","background-image":"","background-repeat":"repeat","background-position":"center center","background-size":"auto","background-attachment":"scroll","background-type":"","background-media":"","overlay-type":"","overlay-color":"","overlay-opacity":"","overlay-gradient":""},"mobile":{"background-color":"","background-image":"","background-repeat":"repeat","background-position":"center center","background-size":"auto","background-attachment":"scroll","background-type":"","background-media":"","overlay-type":"","overlay-color":"","overlay-opacity":"","overlay-gradient":""}},"ast-content-background-meta":{"desktop":{"background-color":"var(--ast-global-color-5)","background-image":"","background-repeat":"repeat","background-position":"center center","background-size":"auto","background-attachment":"scroll","background-type":"","background-media":"","overlay-type":"","overlay-color":"","overlay-opacity":"","overlay-gradient":""},"tablet":{"background-color":"var(--ast-global-color-5)","background-image":"","background-repeat":"repeat","background-position":"center center","background-size":"auto","background-attachment":"scroll","background-type":"","background-media":"","overlay-type":"","overlay-color":"","overlay-opacity":"","overlay-gradient":""},"mobile":{"background-color":"var(--ast-global-color-5)","background-image":"","background-repeat":"repeat","background-position":"center center","background-size":"auto","background-attachment":"scroll","background-type":"","background-media":"","overlay-type":"","overlay-color":"","overlay-opacity":"","overlay-gradient":""}},"footnotes":""},"yoast_head":"<!-- This site is optimized with the Yoast SEO plugin v22.8 - https:\/\/yoast.com\/wordpress\/plugins\/seo\/ -->\n<title>Covid-19 - My CMS<\/title>\n<meta name=\"robots\" content=\"index, follow, max-snippet:-1, max-image-preview:large, max-video-preview:-1\" \/>\n<link rel=\"canonical\" href=\"https:\/\/tangotravel.us\/en\/covid-19\/\" \/>\n<meta property=\"og:locale\" content=\"en_US\" \/>\n<meta property=\"og:type\" content=\"article\" \/>\n<meta property=\"og:title\" content=\"Covid-19 - My CMS\" \/>\n<meta property=\"og:description\" content=\"Covid-19\" \/>\n<meta property=\"og:url\" content=\"https:\/\/tangotravel.us\/en\/covid-19\/\" \/>\n<meta property=\"og:site_name\" content=\"My CMS\" \/>\n<meta property=\"article:modified_time\" content=\"2021-04-15T10:48:03+00:00\" \/>\n<meta name=\"twitter:card\" content=\"summary_large_image\" \/>\n<meta name=\"twitter:label1\" content=\"Est. reading time\" \/>\n\t<meta name=\"twitter:data1\" content=\"1 minute\" \/>\n<script type=\"application\/ld+json\" class=\"yoast-schema-graph\">{\"@context\":\"https:\/\/schema.org\",\"@graph\":[{\"@type\":\"WebPage\",\"@id\":\"https:\/\/tangotravel.us\/covid-19\/\",\"url\":\"https:\/\/tangotravel.us\/covid-19\/\",\"name\":\"Covid-19 - My CMS\",\"isPartOf\":{\"@id\":\"https:\/\/tangotravel.us\/#website\"},\"datePublished\":\"2021-04-15T10:08:42+00:00\",\"dateModified\":\"2021-04-15T10:48:03+00:00\",\"breadcrumb\":{\"@id\":\"https:\/\/tangotravel.us\/covid-19\/#breadcrumb\"},\"inLanguage\":\"en-US\",\"potentialAction\":[{\"@type\":\"ReadAction\",\"target\":[\"https:\/\/tangotravel.us\/covid-19\/\"]}]},{\"@type\":\"BreadcrumbList\",\"@id\":\"https:\/\/tangotravel.us\/covid-19\/#breadcrumb\",\"itemListElement\":[{\"@type\":\"ListItem\",\"position\":1,\"name\":\"Portada\",\"item\":\"https:\/\/tangotravel.us\/\"},{\"@type\":\"ListItem\",\"position\":2,\"name\":\"Covid-19\"}]},{\"@type\":\"WebSite\",\"@id\":\"https:\/\/tangotravel.us\/#website\",\"url\":\"https:\/\/tangotravel.us\/\",\"name\":\"My CMS\",\"description\":\"Agencia de viajes\",\"publisher\":{\"@id\":\"https:\/\/tangotravel.us\/#organization\"},\"potentialAction\":[{\"@type\":\"SearchAction\",\"target\":{\"@type\":\"EntryPoint\",\"urlTemplate\":\"https:\/\/tangotravel.us\/?s={search_term_string}\"},\"query-input\":\"required name=search_term_string\"}],\"inLanguage\":\"en-US\"},{\"@type\":\"Organization\",\"@id\":\"https:\/\/tangotravel.us\/#organization\",\"name\":\"My CMS\",\"url\":\"https:\/\/tangotravel.us\/\",\"logo\":{\"@type\":\"ImageObject\",\"inLanguage\":\"en-US\",\"@id\":\"https:\/\/tangotravel.us\/#\/schema\/logo\/image\/\",\"url\":\"https:\/\/tangotravel.us\/wp-content\/uploads\/2021\/02\/logo-tangotravel.png\",\"contentUrl\":\"https:\/\/tangotravel.us\/wp-content\/uploads\/2021\/02\/logo-tangotravel.png\",\"width\":500,\"height\":306,\"caption\":\"My CMS\"},\"image\":{\"@id\":\"https:\/\/tangotravel.us\/#\/schema\/logo\/image\/\"}}]}<\/script>\n<!-- \/ Yoast SEO plugin. -->","yoast_head_json":{"title":"Covid-19 - My CMS","robots":{"index":"index","follow":"follow","max-snippet":"max-snippet:-1","max-image-preview":"max-image-preview:large","max-video-preview":"max-video-preview:-1"},"canonical":"https:\/\/tangotravel.us\/en\/covid-19\/","og_locale":"en_US","og_type":"article","og_title":"Covid-19 - My CMS","og_description":"Covid-19","og_url":"https:\/\/tangotravel.us\/en\/covid-19\/","og_site_name":"My CMS","article_modified_time":"2021-04-15T10:48:03+00:00","twitter_card":"summary_large_image","twitter_misc":{"Est. reading time":"1 minute"},"schema":{"@context":"https:\/\/schema.org","@graph":[{"@type":"WebPage","@id":"https:\/\/tangotravel.us\/covid-19\/","url":"https:\/\/tangotravel.us\/covid-19\/","name":"Covid-19 - My CMS","isPartOf":{"@id":"https:\/\/tangotravel.us\/#website"},"datePublished":"2021-04-15T10:08:42+00:00","dateModified":"2021-04-15T10:48:03+00:00","breadcrumb":{"@id":"https:\/\/tangotravel.us\/covid-19\/#breadcrumb"},"inLanguage":"en-US","potentialAction":[{"@type":"ReadAction","target":["https:\/\/tangotravel.us\/covid-19\/"]}]},{"@type":"BreadcrumbList","@id":"https:\/\/tangotravel.us\/covid-19\/#breadcrumb","itemListElement":[{"@type":"ListItem","position":1,"name":"Portada","item":"https:\/\/tangotravel.us\/"},{"@type":"ListItem","position":2,"name":"Covid-19"}]},{"@type":"WebSite","@id":"https:\/\/tangotravel.us\/#website","url":"https:\/\/tangotravel.us\/","name":"My CMS","description":"Agencia de viajes","publisher":{"@id":"https:\/\/tangotravel.us\/#organization"},"potentialAction":[{"@type":"SearchAction","target":{"@type":"EntryPoint","urlTemplate":"https:\/\/tangotravel.us\/?s={search_term_string}"},"query-input":"required name=search_term_string"}],"inLanguage":"en-US"},{"@type":"Organization","@id":"https:\/\/tangotravel.us\/#organization","name":"My CMS","url":"https:\/\/tangotravel.us\/","logo":{"@type":"ImageObject","inLanguage":"en-US","@id":"https:\/\/tangotravel.us\/#\/schema\/logo\/image\/","url":"https:\/\/tangotravel.us\/wp-content\/uploads\/2021\/02\/logo-tangotravel.png","contentUrl":"https:\/\/tangotravel.us\/wp-content\/uploads\/2021\/02\/logo-tangotravel.png","width":500,"height":306,"caption":"My CMS"},"image":{"@id":"https:\/\/tangotravel.us\/#\/schema\/logo\/image\/"}}]}},"_links":{"self":[{"href":"https:\/\/tangotravel.us\/en\/wp-json\/wp\/v2\/pages\/1093"}],"collection":[{"href":"https:\/\/tangotravel.us\/en\/wp-json\/wp\/v2\/pages"}],"about":[{"href":"https:\/\/tangotravel.us\/en\/wp-json\/wp\/v2\/types\/page"}],"author":[{"embeddable":true,"href":"https:\/\/tangotravel.us\/en\/wp-json\/wp\/v2\/users\/1"}],"replies":[{"embeddable":true,"href":"https:\/\/tangotravel.us\/en\/wp-json\/wp\/v2\/comments?post=1093"}],"version-history":[{"count":10,"href":"https:\/\/tangotravel.us\/en\/wp-json\/wp\/v2\/pages\/1093\/revisions"}],"predecessor-version":[{"id":1185,"href":"https:\/\/tangotravel.us\/en\/wp-json\/wp\/v2\/pages\/1093\/revisions\/1185"}],"wp:attachment":[{"href":"https:\/\/tangotravel.us\/en\/wp-json\/wp\/v2\/media?parent=1093"}],"curies":[{"name":"wp","href":"https:\/\/api.w.org\/{rel}","templated":true}]}}