{"id":1107,"date":"2021-04-15T10:12:03","date_gmt":"2021-04-15T10:12:03","guid":{"rendered":"https:\/\/tangotravel.us\/?page_id=1107"},"modified":"2021-04-15T10:48:37","modified_gmt":"2021-04-15T10:48:37","slug":"gastronomia","status":"publish","type":"page","link":"https:\/\/tangotravel.us\/en\/gastronomia\/","title":{"rendered":"Gastronomy"},"content":{"rendered":"<div data-elementor-type=\"wp-page\" data-elementor-id=\"1107\" class=\"elementor elementor-1107\" data-elementor-post-type=\"page\">\n\t\t\t\t\t\t<section class=\"elementor-section elementor-top-section elementor-element elementor-element-33500af elementor-section-boxed elementor-section-height-default elementor-section-height-default\" data-id=\"33500af\" data-element_type=\"section\" data-settings=\"{&quot;background_background&quot;:&quot;classic&quot;}\">\n\t\t\t\t\t\t<div class=\"elementor-container elementor-column-gap-default\">\n\t\t\t\t\t<div class=\"elementor-column elementor-col-100 elementor-top-column elementor-element elementor-element-2675557\" data-id=\"2675557\" data-element_type=\"column\">\n\t\t\t<div class=\"elementor-widget-wrap elementor-element-populated\">\n\t\t\t\t\t\t<div class=\"elementor-element elementor-element-cb27cb7 elementor-widget-divider--view-line elementor-widget elementor-widget-divider\" data-id=\"cb27cb7\" data-element_type=\"widget\" data-widget_type=\"divider.default\">\n\t\t\t\t<div class=\"elementor-widget-container\">\n\t\t\t\t\t<div class=\"elementor-divider\">\n\t\t\t<span class=\"elementor-divider-separator\">\n\t\t\t\t\t\t<\/span>\n\t\t<\/div>\n\t\t\t\t<\/div>\n\t\t\t\t<\/div>\n\t\t\t\t<div class=\"elementor-element elementor-element-cef6056 elementor-widget elementor-widget-heading\" data-id=\"cef6056\" data-element_type=\"widget\" data-widget_type=\"heading.default\">\n\t\t\t\t<div class=\"elementor-widget-container\">\n\t\t\t<h2 class=\"elementor-heading-title elementor-size-default\">Gastronomy<\/h2>\t\t<\/div>\n\t\t\t\t<\/div>\n\t\t\t\t<div class=\"elementor-element elementor-element-84bcb99 elementor-widget-divider--view-line elementor-widget elementor-widget-divider\" data-id=\"84bcb99\" data-element_type=\"widget\" data-widget_type=\"divider.default\">\n\t\t\t\t<div class=\"elementor-widget-container\">\n\t\t\t\t\t<div class=\"elementor-divider\">\n\t\t\t<span class=\"elementor-divider-separator\">\n\t\t\t\t\t\t<\/span>\n\t\t<\/div>\n\t\t\t\t<\/div>\n\t\t\t\t<\/div>\n\t\t\t\t\t<\/div>\n\t\t<\/div>\n\t\t\t\t\t<\/div>\n\t\t<\/section>\n\t\t\t\t<section class=\"elementor-section elementor-top-section elementor-element elementor-element-54b1d99 elementor-section-boxed elementor-section-height-default elementor-section-height-default\" data-id=\"54b1d99\" data-element_type=\"section\" data-settings=\"{&quot;background_background&quot;:&quot;classic&quot;}\">\n\t\t\t\t\t\t<div class=\"elementor-container elementor-column-gap-default\">\n\t\t\t\t\t<div class=\"elementor-column elementor-col-66 elementor-top-column elementor-element elementor-element-a45451b\" data-id=\"a45451b\" data-element_type=\"column\">\n\t\t\t<div class=\"elementor-widget-wrap elementor-element-populated\">\n\t\t\t\t\t\t<div class=\"elementor-element elementor-element-4c62616 elementor-grid-2 elementor-grid-tablet-2 elementor-grid-mobile-1 elementor-posts--thumbnail-top elementor-card-shadow-yes elementor-posts__hover-gradient elementor-widget elementor-widget-posts\" data-id=\"4c62616\" data-element_type=\"widget\" data-settings=\"{&quot;cards_columns&quot;:&quot;2&quot;,&quot;cards_columns_tablet&quot;:&quot;2&quot;,&quot;cards_columns_mobile&quot;:&quot;1&quot;,&quot;cards_row_gap&quot;:{&quot;unit&quot;:&quot;px&quot;,&quot;size&quot;:35,&quot;sizes&quot;:[]},&quot;cards_row_gap_tablet&quot;:{&quot;unit&quot;:&quot;px&quot;,&quot;size&quot;:&quot;&quot;,&quot;sizes&quot;:[]},&quot;cards_row_gap_mobile&quot;:{&quot;unit&quot;:&quot;px&quot;,&quot;size&quot;:&quot;&quot;,&quot;sizes&quot;:[]}}\" data-widget_type=\"posts.cards\">\n\t\t\t\t<div class=\"elementor-widget-container\">\n\t\t\t\t\t<div class=\"elementor-posts-container elementor-posts elementor-posts--skin-cards elementor-grid\">\n\t\t\t\t<article class=\"elementor-post elementor-grid-item post-1595 post type-post status-publish format-standard hentry category-aerolineas category-destinos category-gastronomia\">\n\t\t\t<div class=\"elementor-post__card\">\n\t\t\t\t<div class=\"elementor-post__text\">\n\t\t\t\t<h3 class=\"elementor-post__title\">\n\t\t\t<a href=\"https:\/\/tangotravel.us\/en\/minnesota-todo-lo-que-puedes-hacer-en-el-estado\/\" >\n\t\t\t\tMinnesota: todo lo que puedes hacer en el estado\t\t\t<\/a>\n\t\t<\/h3>\n\t\t\t\t<div class=\"elementor-post__excerpt\">\n\t\t\t<p>Minnesota es una regi\u00f3n de los Estados Unidos que ofrece una gran variedad de actividades para realizar durante unas vacaciones. Es un estado repleto de<\/p>\n\t\t<\/div>\n\t\t\n\t\t<a class=\"elementor-post__read-more\" href=\"https:\/\/tangotravel.us\/en\/minnesota-todo-lo-que-puedes-hacer-en-el-estado\/\" aria-label=\"Read more about Minnesota: todo lo que puedes hacer en el estado\" tabindex=\"-1\" >\n\t\t\tRead more \u00bb\t\t<\/a>\n\n\t\t\t\t<\/div>\n\t\t\t\t<div class=\"elementor-post__meta-data\">\n\t\t\t\t\t<span class=\"elementor-post-date\">\n\t\t\tApril 25, 2022\t\t<\/span>\n\t\t\t\t<span class=\"elementor-post-avatar\">\n\t\t\tNo Comments\t\t<\/span>\n\t\t\t\t<\/div>\n\t\t\t\t\t<\/div>\n\t\t<\/article>\n\t\t\t\t<article class=\"elementor-post elementor-grid-item post-1577 post type-post status-publish format-standard hentry category-aerolineas category-destinos category-gastronomia category-hoteles\">\n\t\t\t<div class=\"elementor-post__card\">\n\t\t\t\t<div class=\"elementor-post__text\">\n\t\t\t\t<h3 class=\"elementor-post__title\">\n\t\t\t<a href=\"https:\/\/tangotravel.us\/en\/turismo-en-miami-guia-completa-para-tus-vacaciones\/\" >\n\t\t\t\tThe complete guide for tourism in Miami\t\t\t<\/a>\n\t\t<\/h3>\n\t\t\t\t<div class=\"elementor-post__excerpt\">\n\t\t\t<p>El turismo en Miami es una de las actividades m\u00e1s frecuentadas por los argentinos en los Estados Unidos. Sus playas y su estilo particular atraen,<\/p>\n\t\t<\/div>\n\t\t\n\t\t<a class=\"elementor-post__read-more\" href=\"https:\/\/tangotravel.us\/en\/turismo-en-miami-guia-completa-para-tus-vacaciones\/\" aria-label=\"Read more about Turismo en Miami: gu\u00eda completa para tus vacaciones\" tabindex=\"-1\" >\n\t\t\tRead more \u00bb\t\t<\/a>\n\n\t\t\t\t<\/div>\n\t\t\t\t<div class=\"elementor-post__meta-data\">\n\t\t\t\t\t<span class=\"elementor-post-date\">\n\t\t\tApril 1, 2022\t\t<\/span>\n\t\t\t\t<span class=\"elementor-post-avatar\">\n\t\t\tNo Comments\t\t<\/span>\n\t\t\t\t<\/div>\n\t\t\t\t\t<\/div>\n\t\t<\/article>\n\t\t\t\t<article class=\"elementor-post elementor-grid-item post-1575 post type-post status-publish format-standard hentry category-destinos category-gastronomia category-hoteles tag-hoteles tag-lujosos\">\n\t\t\t<div class=\"elementor-post__card\">\n\t\t\t\t<div class=\"elementor-post__text\">\n\t\t\t\t<h3 class=\"elementor-post__title\">\n\t\t\t<a href=\"https:\/\/tangotravel.us\/en\/los-hoteles-mas-lujosos-del-mundo\/\" >\n\t\t\t\tThe most luxurious hotels in the world\t\t\t<\/a>\n\t\t<\/h3>\n\t\t\t\t<div class=\"elementor-post__excerpt\">\n\t\t\t<p>El lujo y la comodidad son dos caracter\u00edsticas que comparten los mejores alojamientos. Se puede encontrar una amplia variedad de estos establecimientos que ofrecen experiencias<\/p>\n\t\t<\/div>\n\t\t\n\t\t<a class=\"elementor-post__read-more\" href=\"https:\/\/tangotravel.us\/en\/los-hoteles-mas-lujosos-del-mundo\/\" aria-label=\"Read more about Los hoteles m\u00e1s lujosos del mundo\" tabindex=\"-1\" >\n\t\t\tRead more \u00bb\t\t<\/a>\n\n\t\t\t\t<\/div>\n\t\t\t\t<div class=\"elementor-post__meta-data\">\n\t\t\t\t\t<span class=\"elementor-post-date\">\n\t\t\tMarch 30, 2022\t\t<\/span>\n\t\t\t\t<span class=\"elementor-post-avatar\">\n\t\t\tNo Comments\t\t<\/span>\n\t\t\t\t<\/div>\n\t\t\t\t\t<\/div>\n\t\t<\/article>\n\t\t\t\t<article class=\"elementor-post elementor-grid-item post-1546 post type-post status-publish format-standard hentry category-aerolineas category-destinos category-gastronomia\">\n\t\t\t<div class=\"elementor-post__card\">\n\t\t\t\t<div class=\"elementor-post__text\">\n\t\t\t\t<h3 class=\"elementor-post__title\">\n\t\t\t<a href=\"https:\/\/tangotravel.us\/en\/washington-una-experiencia-turistica-completa\/\" >\n\t\t\t\tWashington: a complete tourist experience\t\t\t<\/a>\n\t\t<\/h3>\n\t\t\t\t<div class=\"elementor-post__excerpt\">\n\t\t\t<p>Washington es un \u00e1rea del turismo en Estados Unidos usualmente ignorada por los viajeros. Sin embargo, ofrece grandes atractivos naturales, ciudades \u00fanicas para conocer y<\/p>\n\t\t<\/div>\n\t\t\n\t\t<a class=\"elementor-post__read-more\" href=\"https:\/\/tangotravel.us\/en\/washington-una-experiencia-turistica-completa\/\" aria-label=\"Read more about Washington: una experiencia tur\u00edstica completa\" tabindex=\"-1\" >\n\t\t\tRead more \u00bb\t\t<\/a>\n\n\t\t\t\t<\/div>\n\t\t\t\t<div class=\"elementor-post__meta-data\">\n\t\t\t\t\t<span class=\"elementor-post-date\">\n\t\t\tFebruary 28, 2022\t\t<\/span>\n\t\t\t\t<span class=\"elementor-post-avatar\">\n\t\t\tNo Comments\t\t<\/span>\n\t\t\t\t<\/div>\n\t\t\t\t\t<\/div>\n\t\t<\/article>\n\t\t\t\t<article class=\"elementor-post elementor-grid-item post-1520 post type-post status-publish format-standard hentry category-destinos category-gastronomia tag-irlanda\">\n\t\t\t<div class=\"elementor-post__card\">\n\t\t\t\t<div class=\"elementor-post__text\">\n\t\t\t\t<h3 class=\"elementor-post__title\">\n\t\t\t<a href=\"https:\/\/tangotravel.us\/en\/belfast-un-destino-imperdible-de-irlanda-del-norte\/\" >\n\t\t\t\tBelfast: Un destino imperdible de Irlanda del Norte\t\t\t<\/a>\n\t\t<\/h3>\n\t\t\t\t<div class=\"elementor-post__excerpt\">\n\t\t\t<p>Belfast es la capital de Irlanda del Norte. Cuenta con una historia plagada de conflictos pol\u00edticos y divisi\u00f3n. Sin embargo, en los \u00faltimos a\u00f1os se<\/p>\n\t\t<\/div>\n\t\t\n\t\t<a class=\"elementor-post__read-more\" href=\"https:\/\/tangotravel.us\/en\/belfast-un-destino-imperdible-de-irlanda-del-norte\/\" aria-label=\"Read more about Belfast: Un destino imperdible de Irlanda del Norte\" tabindex=\"-1\" >\n\t\t\tRead more \u00bb\t\t<\/a>\n\n\t\t\t\t<\/div>\n\t\t\t\t<div class=\"elementor-post__meta-data\">\n\t\t\t\t\t<span class=\"elementor-post-date\">\n\t\t\tJanuary 28, 2022\t\t<\/span>\n\t\t\t\t<span class=\"elementor-post-avatar\">\n\t\t\tNo Comments\t\t<\/span>\n\t\t\t\t<\/div>\n\t\t\t\t\t<\/div>\n\t\t<\/article>\n\t\t\t\t<article class=\"elementor-post elementor-grid-item post-1514 post type-post status-publish format-standard hentry category-destinos category-gastronomia tag-dublin tag-irlanda tag-pubs tag-turismo\">\n\t\t\t<div class=\"elementor-post__card\">\n\t\t\t\t<div class=\"elementor-post__text\">\n\t\t\t\t<h3 class=\"elementor-post__title\">\n\t\t\t<a href=\"https:\/\/tangotravel.us\/en\/los-mejores-pubs-y-bares-de-dublin\/\" >\n\t\t\t\tThe best pubs in Dublin\t\t\t<\/a>\n\t\t<\/h3>\n\t\t\t\t<div class=\"elementor-post__excerpt\">\n\t\t\t<p>Dubl\u00edn, la capital de Irlanda, es una ciudad con grandes atractivos para los turistas. Es reconocida en todo el mundo por la cerveza y por<\/p>\n\t\t<\/div>\n\t\t\n\t\t<a class=\"elementor-post__read-more\" href=\"https:\/\/tangotravel.us\/en\/los-mejores-pubs-y-bares-de-dublin\/\" aria-label=\"Read more about Los Mejores Pubs y Bares de Dubl\u00edn\" tabindex=\"-1\" >\n\t\t\tRead more \u00bb\t\t<\/a>\n\n\t\t\t\t<\/div>\n\t\t\t\t<div class=\"elementor-post__meta-data\">\n\t\t\t\t\t<span class=\"elementor-post-date\">\n\t\t\tJanuary 20, 2022\t\t<\/span>\n\t\t\t\t<span class=\"elementor-post-avatar\">\n\t\t\tNo Comments\t\t<\/span>\n\t\t\t\t<\/div>\n\t\t\t\t\t<\/div>\n\t\t<\/article>\n\t\t\t\t<\/div>\n\t\t\n\t\t\t\t<\/div>\n\t\t\t\t<\/div>\n\t\t\t\t<div class=\"elementor-element elementor-element-46fe5dd elementor-widget elementor-widget-spacer\" data-id=\"46fe5dd\" data-element_type=\"widget\" data-widget_type=\"spacer.default\">\n\t\t\t\t<div class=\"elementor-widget-container\">\n\t\t\t\t\t<div class=\"elementor-spacer\">\n\t\t\t<div class=\"elementor-spacer-inner\"><\/div>\n\t\t<\/div>\n\t\t\t\t<\/div>\n\t\t\t\t<\/div>\n\t\t\t\t\t<\/div>\n\t\t<\/div>\n\t\t\t\t<div class=\"elementor-column elementor-col-33 elementor-top-column elementor-element elementor-element-696a3d3\" data-id=\"696a3d3\" data-element_type=\"column\">\n\t\t\t<div class=\"elementor-widget-wrap elementor-element-populated\">\n\t\t\t\t\t\t<div class=\"elementor-element elementor-element-b27d89c elementor-widget elementor-widget-sidebar\" data-id=\"b27d89c\" data-element_type=\"widget\" data-widget_type=\"sidebar.default\">\n\t\t\t\t<div class=\"elementor-widget-container\">\n\t\t\t<aside id=\"text-2\" class=\"widget widget_text\">\t\t\t<div class=\"textwidget\"><h4>Categories<\/h4>\n<ul>\n<li><strong><a href=\"https:\/\/tangotravel.us\/en\/covid-19\/\" style=\"color: red;\">Covid-19<\/a><\/strong><\/li>\n<li><a href=\"https:\/\/tangotravel.us\/en\/noticias\/\">News<\/a><\/li>\n<li><a href=\"https:\/\/tangotravel.us\/en\/destinos\/\">Destinations<\/a><\/li>\n<li><a href=\"https:\/\/tangotravel.us\/en\/aerolineas\/\">Airlines<\/a><\/li>\n<li><a href=\"https:\/\/tangotravel.us\/en\/hoteles\/\">Hotels<\/a><\/li>\n<li><a href=\"https:\/\/tangotravel.us\/en\/gastronomia\/\">Gastronomy<\/a><\/li>\n<li><a href=\"https:\/\/tangotravel.us\/en\/perfiles\/\">Profiles<\/a><\/li>\n<\/ul>\n<\/div>\n\t\t<\/aside>\t\t<\/div>\n\t\t\t\t<\/div>\n\t\t\t\t\t<\/div>\n\t\t<\/div>\n\t\t\t\t\t<\/div>\n\t\t<\/section>\n\t\t\t\t<\/div>","protected":false},"excerpt":{"rendered":"<p>Gastronomy<\/p>","protected":false},"author":1,"featured_media":0,"parent":0,"menu_order":0,"comment_status":"closed","ping_status":"closed","template":"","meta":{"site-sidebar-layout":"no-sidebar","site-content-layout":"page-builder","ast-site-content-layout":"","site-content-style":"default","site-sidebar-style":"default","ast-global-header-display":"","ast-banner-title-visibility":"","ast-main-header-display":"","ast-hfb-above-header-display":"","ast-hfb-below-header-display":"","ast-hfb-mobile-header-display":"","site-post-title":"disabled","ast-breadcrumbs-content":"","ast-featured-img":"disabled","footer-sml-layout":"","theme-transparent-header-meta":"default","adv-header-id-meta":"","stick-header-meta":"","header-above-stick-meta":"","header-main-stick-meta":"","header-below-stick-meta":"","astra-migrate-meta-layouts":"default","ast-page-background-enabled":"default","ast-page-background-meta":{"desktop":{"background-color":"","background-image":"","background-repeat":"repeat","background-position":"center center","background-size":"auto","background-attachment":"scroll","background-type":"","background-media":"","overlay-type":"","overlay-color":"","overlay-opacity":"","overlay-gradient":""},"tablet":{"background-color":"","background-image":"","background-repeat":"repeat","background-position":"center center","background-size":"auto","background-attachment":"scroll","background-type":"","background-media":"","overlay-type":"","overlay-color":"","overlay-opacity":"","overlay-gradient":""},"mobile":{"background-color":"","background-image":"","background-repeat":"repeat","background-position":"center center","background-size":"auto","background-attachment":"scroll","background-type":"","background-media":"","overlay-type":"","overlay-color":"","overlay-opacity":"","overlay-gradient":""}},"ast-content-background-meta":{"desktop":{"background-color":"var(--ast-global-color-5)","background-image":"","background-repeat":"repeat","background-position":"center center","background-size":"auto","background-attachment":"scroll","background-type":"","background-media":"","overlay-type":"","overlay-color":"","overlay-opacity":"","overlay-gradient":""},"tablet":{"background-color":"var(--ast-global-color-5)","background-image":"","background-repeat":"repeat","background-position":"center center","background-size":"auto","background-attachment":"scroll","background-type":"","background-media":"","overlay-type":"","overlay-color":"","overlay-opacity":"","overlay-gradient":""},"mobile":{"background-color":"var(--ast-global-color-5)","background-image":"","background-repeat":"repeat","background-position":"center center","background-size":"auto","background-attachment":"scroll","background-type":"","background-media":"","overlay-type":"","overlay-color":"","overlay-opacity":"","overlay-gradient":""}},"footnotes":""},"yoast_head":"<!-- This site is optimized with the Yoast SEO plugin v22.8 - https:\/\/yoast.com\/wordpress\/plugins\/seo\/ -->\n<title>Gastronom\u00eda - My CMS<\/title>\n<meta name=\"robots\" content=\"index, follow, max-snippet:-1, max-image-preview:large, max-video-preview:-1\" \/>\n<link rel=\"canonical\" href=\"https:\/\/tangotravel.us\/en\/gastronomia\/\" \/>\n<meta property=\"og:locale\" content=\"en_US\" \/>\n<meta property=\"og:type\" content=\"article\" \/>\n<meta property=\"og:title\" content=\"Gastronom\u00eda - My CMS\" \/>\n<meta property=\"og:description\" content=\"Gastronom\u00eda\" \/>\n<meta property=\"og:url\" content=\"https:\/\/tangotravel.us\/en\/gastronomia\/\" \/>\n<meta property=\"og:site_name\" content=\"My CMS\" \/>\n<meta property=\"article:modified_time\" content=\"2021-04-15T10:48:37+00:00\" \/>\n<meta name=\"twitter:card\" content=\"summary_large_image\" \/>\n<meta name=\"twitter:label1\" content=\"Est. reading time\" \/>\n\t<meta name=\"twitter:data1\" content=\"1 minute\" \/>\n<script type=\"application\/ld+json\" class=\"yoast-schema-graph\">{\"@context\":\"https:\/\/schema.org\",\"@graph\":[{\"@type\":\"WebPage\",\"@id\":\"https:\/\/tangotravel.us\/gastronomia\/\",\"url\":\"https:\/\/tangotravel.us\/gastronomia\/\",\"name\":\"Gastronom\u00eda - My CMS\",\"isPartOf\":{\"@id\":\"https:\/\/tangotravel.us\/#website\"},\"datePublished\":\"2021-04-15T10:12:03+00:00\",\"dateModified\":\"2021-04-15T10:48:37+00:00\",\"breadcrumb\":{\"@id\":\"https:\/\/tangotravel.us\/gastronomia\/#breadcrumb\"},\"inLanguage\":\"en-US\",\"potentialAction\":[{\"@type\":\"ReadAction\",\"target\":[\"https:\/\/tangotravel.us\/gastronomia\/\"]}]},{\"@type\":\"BreadcrumbList\",\"@id\":\"https:\/\/tangotravel.us\/gastronomia\/#breadcrumb\",\"itemListElement\":[{\"@type\":\"ListItem\",\"position\":1,\"name\":\"Portada\",\"item\":\"https:\/\/tangotravel.us\/\"},{\"@type\":\"ListItem\",\"position\":2,\"name\":\"Gastronom\u00eda\"}]},{\"@type\":\"WebSite\",\"@id\":\"https:\/\/tangotravel.us\/#website\",\"url\":\"https:\/\/tangotravel.us\/\",\"name\":\"My CMS\",\"description\":\"Agencia de viajes\",\"publisher\":{\"@id\":\"https:\/\/tangotravel.us\/#organization\"},\"potentialAction\":[{\"@type\":\"SearchAction\",\"target\":{\"@type\":\"EntryPoint\",\"urlTemplate\":\"https:\/\/tangotravel.us\/?s={search_term_string}\"},\"query-input\":\"required name=search_term_string\"}],\"inLanguage\":\"en-US\"},{\"@type\":\"Organization\",\"@id\":\"https:\/\/tangotravel.us\/#organization\",\"name\":\"My CMS\",\"url\":\"https:\/\/tangotravel.us\/\",\"logo\":{\"@type\":\"ImageObject\",\"inLanguage\":\"en-US\",\"@id\":\"https:\/\/tangotravel.us\/#\/schema\/logo\/image\/\",\"url\":\"https:\/\/tangotravel.us\/wp-content\/uploads\/2021\/02\/logo-tangotravel.png\",\"contentUrl\":\"https:\/\/tangotravel.us\/wp-content\/uploads\/2021\/02\/logo-tangotravel.png\",\"width\":500,\"height\":306,\"caption\":\"My CMS\"},\"image\":{\"@id\":\"https:\/\/tangotravel.us\/#\/schema\/logo\/image\/\"}}]}<\/script>\n<!-- \/ Yoast SEO plugin. -->","yoast_head_json":{"title":"Gastronom\u00eda - My CMS","robots":{"index":"index","follow":"follow","max-snippet":"max-snippet:-1","max-image-preview":"max-image-preview:large","max-video-preview":"max-video-preview:-1"},"canonical":"https:\/\/tangotravel.us\/en\/gastronomia\/","og_locale":"en_US","og_type":"article","og_title":"Gastronom\u00eda - My CMS","og_description":"Gastronom\u00eda","og_url":"https:\/\/tangotravel.us\/en\/gastronomia\/","og_site_name":"My CMS","article_modified_time":"2021-04-15T10:48:37+00:00","twitter_card":"summary_large_image","twitter_misc":{"Est. reading time":"1 minute"},"schema":{"@context":"https:\/\/schema.org","@graph":[{"@type":"WebPage","@id":"https:\/\/tangotravel.us\/gastronomia\/","url":"https:\/\/tangotravel.us\/gastronomia\/","name":"Gastronom\u00eda - My CMS","isPartOf":{"@id":"https:\/\/tangotravel.us\/#website"},"datePublished":"2021-04-15T10:12:03+00:00","dateModified":"2021-04-15T10:48:37+00:00","breadcrumb":{"@id":"https:\/\/tangotravel.us\/gastronomia\/#breadcrumb"},"inLanguage":"en-US","potentialAction":[{"@type":"ReadAction","target":["https:\/\/tangotravel.us\/gastronomia\/"]}]},{"@type":"BreadcrumbList","@id":"https:\/\/tangotravel.us\/gastronomia\/#breadcrumb","itemListElement":[{"@type":"ListItem","position":1,"name":"Portada","item":"https:\/\/tangotravel.us\/"},{"@type":"ListItem","position":2,"name":"Gastronom\u00eda"}]},{"@type":"WebSite","@id":"https:\/\/tangotravel.us\/#website","url":"https:\/\/tangotravel.us\/","name":"My CMS","description":"Agencia de viajes","publisher":{"@id":"https:\/\/tangotravel.us\/#organization"},"potentialAction":[{"@type":"SearchAction","target":{"@type":"EntryPoint","urlTemplate":"https:\/\/tangotravel.us\/?s={search_term_string}"},"query-input":"required name=search_term_string"}],"inLanguage":"en-US"},{"@type":"Organization","@id":"https:\/\/tangotravel.us\/#organization","name":"My CMS","url":"https:\/\/tangotravel.us\/","logo":{"@type":"ImageObject","inLanguage":"en-US","@id":"https:\/\/tangotravel.us\/#\/schema\/logo\/image\/","url":"https:\/\/tangotravel.us\/wp-content\/uploads\/2021\/02\/logo-tangotravel.png","contentUrl":"https:\/\/tangotravel.us\/wp-content\/uploads\/2021\/02\/logo-tangotravel.png","width":500,"height":306,"caption":"My CMS"},"image":{"@id":"https:\/\/tangotravel.us\/#\/schema\/logo\/image\/"}}]}},"_links":{"self":[{"href":"https:\/\/tangotravel.us\/en\/wp-json\/wp\/v2\/pages\/1107"}],"collection":[{"href":"https:\/\/tangotravel.us\/en\/wp-json\/wp\/v2\/pages"}],"about":[{"href":"https:\/\/tangotravel.us\/en\/wp-json\/wp\/v2\/types\/page"}],"author":[{"embeddable":true,"href":"https:\/\/tangotravel.us\/en\/wp-json\/wp\/v2\/users\/1"}],"replies":[{"embeddable":true,"href":"https:\/\/tangotravel.us\/en\/wp-json\/wp\/v2\/comments?post=1107"}],"version-history":[{"count":10,"href":"https:\/\/tangotravel.us\/en\/wp-json\/wp\/v2\/pages\/1107\/revisions"}],"predecessor-version":[{"id":1200,"href":"https:\/\/tangotravel.us\/en\/wp-json\/wp\/v2\/pages\/1107\/revisions\/1200"}],"wp:attachment":[{"href":"https:\/\/tangotravel.us\/en\/wp-json\/wp\/v2\/media?parent=1107"}],"curies":[{"name":"wp","href":"https:\/\/api.w.org\/{rel}","templated":true}]}}