{"id":1112,"date":"2021-04-15T10:13:46","date_gmt":"2021-04-15T10:13:46","guid":{"rendered":"https:\/\/tangotravel.us\/?page_id=1112"},"modified":"2021-04-15T10:48:31","modified_gmt":"2021-04-15T10:48:31","slug":"hoteles","status":"publish","type":"page","link":"https:\/\/tangotravel.us\/en\/hoteles\/","title":{"rendered":"Hotels"},"content":{"rendered":"<div data-elementor-type=\"wp-page\" data-elementor-id=\"1112\" class=\"elementor elementor-1112\" data-elementor-post-type=\"page\">\n\t\t\t\t\t\t<section class=\"elementor-section elementor-top-section elementor-element elementor-element-33500af elementor-section-boxed elementor-section-height-default elementor-section-height-default\" data-id=\"33500af\" data-element_type=\"section\" data-settings=\"{&quot;background_background&quot;:&quot;classic&quot;}\">\n\t\t\t\t\t\t<div class=\"elementor-container elementor-column-gap-default\">\n\t\t\t\t\t<div class=\"elementor-column elementor-col-100 elementor-top-column elementor-element elementor-element-2675557\" data-id=\"2675557\" data-element_type=\"column\">\n\t\t\t<div class=\"elementor-widget-wrap elementor-element-populated\">\n\t\t\t\t\t\t<div class=\"elementor-element elementor-element-cb27cb7 elementor-widget-divider--view-line elementor-widget elementor-widget-divider\" data-id=\"cb27cb7\" data-element_type=\"widget\" data-widget_type=\"divider.default\">\n\t\t\t\t<div class=\"elementor-widget-container\">\n\t\t\t\t\t<div class=\"elementor-divider\">\n\t\t\t<span class=\"elementor-divider-separator\">\n\t\t\t\t\t\t<\/span>\n\t\t<\/div>\n\t\t\t\t<\/div>\n\t\t\t\t<\/div>\n\t\t\t\t<div class=\"elementor-element elementor-element-cef6056 elementor-widget elementor-widget-heading\" data-id=\"cef6056\" data-element_type=\"widget\" data-widget_type=\"heading.default\">\n\t\t\t\t<div class=\"elementor-widget-container\">\n\t\t\t<h2 class=\"elementor-heading-title elementor-size-default\">Hotels<\/h2>\t\t<\/div>\n\t\t\t\t<\/div>\n\t\t\t\t<div class=\"elementor-element elementor-element-84bcb99 elementor-widget-divider--view-line elementor-widget elementor-widget-divider\" data-id=\"84bcb99\" data-element_type=\"widget\" data-widget_type=\"divider.default\">\n\t\t\t\t<div class=\"elementor-widget-container\">\n\t\t\t\t\t<div class=\"elementor-divider\">\n\t\t\t<span class=\"elementor-divider-separator\">\n\t\t\t\t\t\t<\/span>\n\t\t<\/div>\n\t\t\t\t<\/div>\n\t\t\t\t<\/div>\n\t\t\t\t\t<\/div>\n\t\t<\/div>\n\t\t\t\t\t<\/div>\n\t\t<\/section>\n\t\t\t\t<section class=\"elementor-section elementor-top-section elementor-element elementor-element-54b1d99 elementor-section-boxed elementor-section-height-default elementor-section-height-default\" data-id=\"54b1d99\" data-element_type=\"section\" data-settings=\"{&quot;background_background&quot;:&quot;classic&quot;}\">\n\t\t\t\t\t\t<div class=\"elementor-container elementor-column-gap-default\">\n\t\t\t\t\t<div class=\"elementor-column elementor-col-66 elementor-top-column elementor-element elementor-element-a45451b\" data-id=\"a45451b\" data-element_type=\"column\">\n\t\t\t<div class=\"elementor-widget-wrap elementor-element-populated\">\n\t\t\t\t\t\t<div class=\"elementor-element elementor-element-4c62616 elementor-grid-2 elementor-grid-tablet-2 elementor-grid-mobile-1 elementor-posts--thumbnail-top elementor-card-shadow-yes elementor-posts__hover-gradient elementor-widget elementor-widget-posts\" data-id=\"4c62616\" data-element_type=\"widget\" data-settings=\"{&quot;cards_columns&quot;:&quot;2&quot;,&quot;cards_columns_tablet&quot;:&quot;2&quot;,&quot;cards_columns_mobile&quot;:&quot;1&quot;,&quot;cards_row_gap&quot;:{&quot;unit&quot;:&quot;px&quot;,&quot;size&quot;:35,&quot;sizes&quot;:[]},&quot;cards_row_gap_tablet&quot;:{&quot;unit&quot;:&quot;px&quot;,&quot;size&quot;:&quot;&quot;,&quot;sizes&quot;:[]},&quot;cards_row_gap_mobile&quot;:{&quot;unit&quot;:&quot;px&quot;,&quot;size&quot;:&quot;&quot;,&quot;sizes&quot;:[]}}\" data-widget_type=\"posts.cards\">\n\t\t\t\t<div class=\"elementor-widget-container\">\n\t\t\t\t\t<div class=\"elementor-posts-container elementor-posts elementor-posts--skin-cards elementor-grid\">\n\t\t\t\t<article class=\"elementor-post elementor-grid-item post-1577 post type-post status-publish format-standard hentry category-aerolineas category-destinos category-gastronomia category-hoteles\">\n\t\t\t<div class=\"elementor-post__card\">\n\t\t\t\t<div class=\"elementor-post__text\">\n\t\t\t\t<h3 class=\"elementor-post__title\">\n\t\t\t<a href=\"https:\/\/tangotravel.us\/en\/turismo-en-miami-guia-completa-para-tus-vacaciones\/\" >\n\t\t\t\tThe complete guide for tourism in Miami\t\t\t<\/a>\n\t\t<\/h3>\n\t\t\t\t<div class=\"elementor-post__excerpt\">\n\t\t\t<p>El turismo en Miami es una de las actividades m\u00e1s frecuentadas por los argentinos en los Estados Unidos. Sus playas y su estilo particular atraen,<\/p>\n\t\t<\/div>\n\t\t\n\t\t<a class=\"elementor-post__read-more\" href=\"https:\/\/tangotravel.us\/en\/turismo-en-miami-guia-completa-para-tus-vacaciones\/\" aria-label=\"Read more about Turismo en Miami: gu\u00eda completa para tus vacaciones\" tabindex=\"-1\" >\n\t\t\tRead more \u00bb\t\t<\/a>\n\n\t\t\t\t<\/div>\n\t\t\t\t<div class=\"elementor-post__meta-data\">\n\t\t\t\t\t<span class=\"elementor-post-date\">\n\t\t\tApril 1, 2022\t\t<\/span>\n\t\t\t\t<span class=\"elementor-post-avatar\">\n\t\t\tNo Comments\t\t<\/span>\n\t\t\t\t<\/div>\n\t\t\t\t\t<\/div>\n\t\t<\/article>\n\t\t\t\t<article class=\"elementor-post elementor-grid-item post-1575 post type-post status-publish format-standard hentry category-destinos category-gastronomia category-hoteles tag-hoteles tag-lujosos\">\n\t\t\t<div class=\"elementor-post__card\">\n\t\t\t\t<div class=\"elementor-post__text\">\n\t\t\t\t<h3 class=\"elementor-post__title\">\n\t\t\t<a href=\"https:\/\/tangotravel.us\/en\/los-hoteles-mas-lujosos-del-mundo\/\" >\n\t\t\t\tThe most luxurious hotels in the world\t\t\t<\/a>\n\t\t<\/h3>\n\t\t\t\t<div class=\"elementor-post__excerpt\">\n\t\t\t<p>El lujo y la comodidad son dos caracter\u00edsticas que comparten los mejores alojamientos. Se puede encontrar una amplia variedad de estos establecimientos que ofrecen experiencias<\/p>\n\t\t<\/div>\n\t\t\n\t\t<a class=\"elementor-post__read-more\" href=\"https:\/\/tangotravel.us\/en\/los-hoteles-mas-lujosos-del-mundo\/\" aria-label=\"Read more about Los hoteles m\u00e1s lujosos del mundo\" tabindex=\"-1\" >\n\t\t\tRead more \u00bb\t\t<\/a>\n\n\t\t\t\t<\/div>\n\t\t\t\t<div class=\"elementor-post__meta-data\">\n\t\t\t\t\t<span class=\"elementor-post-date\">\n\t\t\tMarch 30, 2022\t\t<\/span>\n\t\t\t\t<span class=\"elementor-post-avatar\">\n\t\t\tNo Comments\t\t<\/span>\n\t\t\t\t<\/div>\n\t\t\t\t\t<\/div>\n\t\t<\/article>\n\t\t\t\t<article class=\"elementor-post elementor-grid-item post-1573 post type-post status-publish format-standard hentry category-destinos category-hoteles\">\n\t\t\t<div class=\"elementor-post__card\">\n\t\t\t\t<div class=\"elementor-post__text\">\n\t\t\t\t<h3 class=\"elementor-post__title\">\n\t\t\t<a href=\"https:\/\/tangotravel.us\/en\/tips-para-viajar-en-familia-por-el-mundo\/\" >\n\t\t\t\tTips for a family trip around the world\t\t\t<\/a>\n\t\t<\/h3>\n\t\t\t\t<div class=\"elementor-post__excerpt\">\n\t\t\t<p>Viajar en familia es una experiencia \u00fanica que puede afectar la vida de los ni\u00f1os para siempre. Se encontrar\u00e1n con nuevas comidas, paisajes y culturas<\/p>\n\t\t<\/div>\n\t\t\n\t\t<a class=\"elementor-post__read-more\" href=\"https:\/\/tangotravel.us\/en\/tips-para-viajar-en-familia-por-el-mundo\/\" aria-label=\"Read more about Tips para viajar en familia por el mundo\" tabindex=\"-1\" >\n\t\t\tRead more \u00bb\t\t<\/a>\n\n\t\t\t\t<\/div>\n\t\t\t\t<div class=\"elementor-post__meta-data\">\n\t\t\t\t\t<span class=\"elementor-post-date\">\n\t\t\tMarch 29, 2022\t\t<\/span>\n\t\t\t\t<span class=\"elementor-post-avatar\">\n\t\t\tNo Comments\t\t<\/span>\n\t\t\t\t<\/div>\n\t\t\t\t\t<\/div>\n\t\t<\/article>\n\t\t\t\t<article class=\"elementor-post elementor-grid-item post-1416 post type-post status-publish format-standard has-post-thumbnail hentry category-destinos category-gastronomia category-hoteles tag-argentina tag-cordoba tag-turismo\">\n\t\t\t<div class=\"elementor-post__card\">\n\t\t\t\t<a class=\"elementor-post__thumbnail__link\" href=\"https:\/\/tangotravel.us\/en\/cordoba-capital-guia-para-el-viajero\/\" tabindex=\"-1\" ><div class=\"elementor-post__thumbnail\"><img fetchpriority=\"high\" decoding=\"async\" width=\"300\" height=\"200\" src=\"https:\/\/tangotravel.us\/wp-content\/uploads\/2021\/10\/cordoba2-300x200.jpg\" class=\"attachment-medium size-medium wp-image-1418\" alt=\"C\u00f3rdoba capital\" srcset=\"https:\/\/tangotravel.us\/wp-content\/uploads\/2021\/10\/cordoba2-300x200.jpg 300w, https:\/\/tangotravel.us\/wp-content\/uploads\/2021\/10\/cordoba2-768x511.jpg 768w, https:\/\/tangotravel.us\/wp-content\/uploads\/2021\/10\/cordoba2-16x12.jpg 16w, https:\/\/tangotravel.us\/wp-content\/uploads\/2021\/10\/cordoba2.jpg 960w\" sizes=\"(max-width: 300px) 100vw, 300px\" \/><\/div><\/a>\n\t\t\t\t<div class=\"elementor-post__badge\">Destinations<\/div>\n\t\t\t\t<div class=\"elementor-post__text\">\n\t\t\t\t<h3 class=\"elementor-post__title\">\n\t\t\t<a href=\"https:\/\/tangotravel.us\/en\/cordoba-capital-guia-para-el-viajero\/\" >\n\t\t\t\tCordoba capital: a traveler\u2019s guide\t\t\t<\/a>\n\t\t<\/h3>\n\t\t\t\t<div class=\"elementor-post__excerpt\">\n\t\t\t<p>C\u00f3rdoba es otra provincia argentina con una gran variedad de atractivos. La regi\u00f3n capital est\u00e1 integrada por la ciudad de C\u00f3rdoba, ubicada en el centro<\/p>\n\t\t<\/div>\n\t\t\n\t\t<a class=\"elementor-post__read-more\" href=\"https:\/\/tangotravel.us\/en\/cordoba-capital-guia-para-el-viajero\/\" aria-label=\"Read more about C\u00f3rdoba capital: gu\u00eda para el viajero\" tabindex=\"-1\" >\n\t\t\tRead more \u00bb\t\t<\/a>\n\n\t\t\t\t<\/div>\n\t\t\t\t<div class=\"elementor-post__meta-data\">\n\t\t\t\t\t<span class=\"elementor-post-date\">\n\t\t\tOctober 25, 2021\t\t<\/span>\n\t\t\t\t<span class=\"elementor-post-avatar\">\n\t\t\t2 Comments\t\t<\/span>\n\t\t\t\t<\/div>\n\t\t\t\t\t<\/div>\n\t\t<\/article>\n\t\t\t\t<article class=\"elementor-post elementor-grid-item post-1403 post type-post status-publish format-standard has-post-thumbnail hentry category-destinos category-gastronomia category-hoteles tag-argentina tag-mendoza tag-turismo\">\n\t\t\t<div class=\"elementor-post__card\">\n\t\t\t\t<a class=\"elementor-post__thumbnail__link\" href=\"https:\/\/tangotravel.us\/en\/mendoza-guia-de-turismo\/\" tabindex=\"-1\" ><div class=\"elementor-post__thumbnail\"><img decoding=\"async\" width=\"300\" height=\"200\" src=\"https:\/\/tangotravel.us\/wp-content\/uploads\/2021\/10\/ff-300x200.jpg\" class=\"attachment-medium size-medium wp-image-1404\" alt=\"\" srcset=\"https:\/\/tangotravel.us\/wp-content\/uploads\/2021\/10\/ff-300x200.jpg 300w, https:\/\/tangotravel.us\/wp-content\/uploads\/2021\/10\/ff-16x12.jpg 16w, https:\/\/tangotravel.us\/wp-content\/uploads\/2021\/10\/ff.jpg 669w\" sizes=\"(max-width: 300px) 100vw, 300px\" \/><\/div><\/a>\n\t\t\t\t<div class=\"elementor-post__badge\">Destinations<\/div>\n\t\t\t\t<div class=\"elementor-post__text\">\n\t\t\t\t<h3 class=\"elementor-post__title\">\n\t\t\t<a href=\"https:\/\/tangotravel.us\/en\/mendoza-guia-de-turismo\/\" >\n\t\t\t\tMendoza: Gu\u00eda para el turista\t\t\t<\/a>\n\t\t<\/h3>\n\t\t\t\t<div class=\"elementor-post__excerpt\">\n\t\t\t<p>Mendoza es un destino \u00fanico entre los distintos paisajes que encontramos en Argentina. Est\u00e1 ubicada en el centro vitivin\u00edcola del pa\u00eds, rodeada de vi\u00f1edos y<\/p>\n\t\t<\/div>\n\t\t\n\t\t<a class=\"elementor-post__read-more\" href=\"https:\/\/tangotravel.us\/en\/mendoza-guia-de-turismo\/\" aria-label=\"Read more about Mendoza: Gu\u00eda para el turista\" tabindex=\"-1\" >\n\t\t\tRead more \u00bb\t\t<\/a>\n\n\t\t\t\t<\/div>\n\t\t\t\t<div class=\"elementor-post__meta-data\">\n\t\t\t\t\t<span class=\"elementor-post-date\">\n\t\t\tOctober 18, 2021\t\t<\/span>\n\t\t\t\t<span class=\"elementor-post-avatar\">\n\t\t\tNo Comments\t\t<\/span>\n\t\t\t\t<\/div>\n\t\t\t\t\t<\/div>\n\t\t<\/article>\n\t\t\t\t<article class=\"elementor-post elementor-grid-item post-1353 post type-post status-publish format-standard has-post-thumbnail hentry category-destinos category-hoteles\">\n\t\t\t<div class=\"elementor-post__card\">\n\t\t\t\t<a class=\"elementor-post__thumbnail__link\" href=\"https:\/\/tangotravel.us\/en\/grand-wailea-maui-resort\/\" tabindex=\"-1\" ><div class=\"elementor-post__thumbnail\"><img decoding=\"async\" width=\"300\" height=\"225\" src=\"https:\/\/tangotravel.us\/wp-content\/uploads\/2021\/09\/beach-resort-hawaii-174561-300x225.jpg\" class=\"attachment-medium size-medium wp-image-1386\" alt=\"beach, resort, hawaii\" srcset=\"https:\/\/tangotravel.us\/wp-content\/uploads\/2021\/09\/beach-resort-hawaii-174561-300x225.jpg 300w, https:\/\/tangotravel.us\/wp-content\/uploads\/2021\/09\/beach-resort-hawaii-174561-1024x768.jpg 1024w, https:\/\/tangotravel.us\/wp-content\/uploads\/2021\/09\/beach-resort-hawaii-174561-768x576.jpg 768w, https:\/\/tangotravel.us\/wp-content\/uploads\/2021\/09\/beach-resort-hawaii-174561-16x12.jpg 16w, https:\/\/tangotravel.us\/wp-content\/uploads\/2021\/09\/beach-resort-hawaii-174561.jpg 1280w\" sizes=\"(max-width: 300px) 100vw, 300px\" \/><\/div><\/a>\n\t\t\t\t<div class=\"elementor-post__badge\">Destinations<\/div>\n\t\t\t\t<div class=\"elementor-post__text\">\n\t\t\t\t<h3 class=\"elementor-post__title\">\n\t\t\t<a href=\"https:\/\/tangotravel.us\/en\/grand-wailea-maui-resort\/\" >\n\t\t\t\tGrand Wailea Maui Resort\t\t\t<\/a>\n\t\t<\/h3>\n\t\t\t\t<div class=\"elementor-post__excerpt\">\n\t\t\t<p>El Grand Wailea Resort es un hotel de lujo ubicado en la plaza de Wailea, Maui, Haw\u00e1i. Es reconocido por los servicios que ofrece y<\/p>\n\t\t<\/div>\n\t\t\n\t\t<a class=\"elementor-post__read-more\" href=\"https:\/\/tangotravel.us\/en\/grand-wailea-maui-resort\/\" aria-label=\"Read more about Grand Wailea Maui Resort\" tabindex=\"-1\" >\n\t\t\tRead more \u00bb\t\t<\/a>\n\n\t\t\t\t<\/div>\n\t\t\t\t<div class=\"elementor-post__meta-data\">\n\t\t\t\t\t<span class=\"elementor-post-date\">\n\t\t\tSeptember 6, 2021\t\t<\/span>\n\t\t\t\t<span class=\"elementor-post-avatar\">\n\t\t\t1 Comment\t\t<\/span>\n\t\t\t\t<\/div>\n\t\t\t\t\t<\/div>\n\t\t<\/article>\n\t\t\t\t<\/div>\n\t\t\n\t\t\t\t<\/div>\n\t\t\t\t<\/div>\n\t\t\t\t<div class=\"elementor-element elementor-element-46fe5dd elementor-widget elementor-widget-spacer\" data-id=\"46fe5dd\" data-element_type=\"widget\" data-widget_type=\"spacer.default\">\n\t\t\t\t<div class=\"elementor-widget-container\">\n\t\t\t\t\t<div class=\"elementor-spacer\">\n\t\t\t<div class=\"elementor-spacer-inner\"><\/div>\n\t\t<\/div>\n\t\t\t\t<\/div>\n\t\t\t\t<\/div>\n\t\t\t\t\t<\/div>\n\t\t<\/div>\n\t\t\t\t<div class=\"elementor-column elementor-col-33 elementor-top-column elementor-element elementor-element-696a3d3\" data-id=\"696a3d3\" data-element_type=\"column\">\n\t\t\t<div class=\"elementor-widget-wrap elementor-element-populated\">\n\t\t\t\t\t\t<div class=\"elementor-element elementor-element-ff66003 elementor-widget elementor-widget-sidebar\" data-id=\"ff66003\" data-element_type=\"widget\" data-widget_type=\"sidebar.default\">\n\t\t\t\t<div class=\"elementor-widget-container\">\n\t\t\t<aside id=\"text-2\" class=\"widget widget_text\">\t\t\t<div class=\"textwidget\"><h4>Categories<\/h4>\n<ul>\n<li><strong><a href=\"https:\/\/tangotravel.us\/en\/covid-19\/\" style=\"color: red;\">Covid-19<\/a><\/strong><\/li>\n<li><a href=\"https:\/\/tangotravel.us\/en\/noticias\/\">News<\/a><\/li>\n<li><a href=\"https:\/\/tangotravel.us\/en\/destinos\/\">Destinations<\/a><\/li>\n<li><a href=\"https:\/\/tangotravel.us\/en\/aerolineas\/\">Airlines<\/a><\/li>\n<li><a href=\"https:\/\/tangotravel.us\/en\/hoteles\/\">Hotels<\/a><\/li>\n<li><a href=\"https:\/\/tangotravel.us\/en\/gastronomia\/\">Gastronomy<\/a><\/li>\n<li><a href=\"https:\/\/tangotravel.us\/en\/perfiles\/\">Profiles<\/a><\/li>\n<\/ul>\n<\/div>\n\t\t<\/aside>\t\t<\/div>\n\t\t\t\t<\/div>\n\t\t\t\t\t<\/div>\n\t\t<\/div>\n\t\t\t\t\t<\/div>\n\t\t<\/section>\n\t\t\t\t<\/div>","protected":false},"excerpt":{"rendered":"<p>Hotels<\/p>","protected":false},"author":1,"featured_media":0,"parent":0,"menu_order":0,"comment_status":"closed","ping_status":"closed","template":"","meta":{"site-sidebar-layout":"no-sidebar","site-content-layout":"page-builder","ast-site-content-layout":"","site-content-style":"default","site-sidebar-style":"default","ast-global-header-display":"","ast-banner-title-visibility":"","ast-main-header-display":"","ast-hfb-above-header-display":"","ast-hfb-below-header-display":"","ast-hfb-mobile-header-display":"","site-post-title":"disabled","ast-breadcrumbs-content":"","ast-featured-img":"disabled","footer-sml-layout":"","theme-transparent-header-meta":"default","adv-header-id-meta":"","stick-header-meta":"","header-above-stick-meta":"","header-main-stick-meta":"","header-below-stick-meta":"","astra-migrate-meta-layouts":"default","ast-page-background-enabled":"default","ast-page-background-meta":{"desktop":{"background-color":"","background-image":"","background-repeat":"repeat","background-position":"center center","background-size":"auto","background-attachment":"scroll","background-type":"","background-media":"","overlay-type":"","overlay-color":"","overlay-opacity":"","overlay-gradient":""},"tablet":{"background-color":"","background-image":"","background-repeat":"repeat","background-position":"center center","background-size":"auto","background-attachment":"scroll","background-type":"","background-media":"","overlay-type":"","overlay-color":"","overlay-opacity":"","overlay-gradient":""},"mobile":{"background-color":"","background-image":"","background-repeat":"repeat","background-position":"center center","background-size":"auto","background-attachment":"scroll","background-type":"","background-media":"","overlay-type":"","overlay-color":"","overlay-opacity":"","overlay-gradient":""}},"ast-content-background-meta":{"desktop":{"background-color":"var(--ast-global-color-5)","background-image":"","background-repeat":"repeat","background-position":"center center","background-size":"auto","background-attachment":"scroll","background-type":"","background-media":"","overlay-type":"","overlay-color":"","overlay-opacity":"","overlay-gradient":""},"tablet":{"background-color":"var(--ast-global-color-5)","background-image":"","background-repeat":"repeat","background-position":"center center","background-size":"auto","background-attachment":"scroll","background-type":"","background-media":"","overlay-type":"","overlay-color":"","overlay-opacity":"","overlay-gradient":""},"mobile":{"background-color":"var(--ast-global-color-5)","background-image":"","background-repeat":"repeat","background-position":"center center","background-size":"auto","background-attachment":"scroll","background-type":"","background-media":"","overlay-type":"","overlay-color":"","overlay-opacity":"","overlay-gradient":""}},"footnotes":""},"yoast_head":"<!-- This site is optimized with the Yoast SEO plugin v22.8 - https:\/\/yoast.com\/wordpress\/plugins\/seo\/ -->\n<title>Hoteles - My CMS<\/title>\n<meta name=\"robots\" content=\"index, follow, max-snippet:-1, max-image-preview:large, max-video-preview:-1\" \/>\n<link rel=\"canonical\" href=\"https:\/\/tangotravel.us\/en\/hoteles\/\" \/>\n<meta property=\"og:locale\" content=\"en_US\" \/>\n<meta property=\"og:type\" content=\"article\" \/>\n<meta property=\"og:title\" content=\"Hoteles - My CMS\" \/>\n<meta property=\"og:description\" content=\"Hoteles\" \/>\n<meta property=\"og:url\" content=\"https:\/\/tangotravel.us\/en\/hoteles\/\" \/>\n<meta property=\"og:site_name\" content=\"My CMS\" \/>\n<meta property=\"article:modified_time\" content=\"2021-04-15T10:48:31+00:00\" \/>\n<meta name=\"twitter:card\" content=\"summary_large_image\" \/>\n<meta name=\"twitter:label1\" content=\"Est. reading time\" \/>\n\t<meta name=\"twitter:data1\" content=\"1 minute\" \/>\n<script type=\"application\/ld+json\" class=\"yoast-schema-graph\">{\"@context\":\"https:\/\/schema.org\",\"@graph\":[{\"@type\":\"WebPage\",\"@id\":\"https:\/\/tangotravel.us\/hoteles\/\",\"url\":\"https:\/\/tangotravel.us\/hoteles\/\",\"name\":\"Hoteles - My CMS\",\"isPartOf\":{\"@id\":\"https:\/\/tangotravel.us\/#website\"},\"datePublished\":\"2021-04-15T10:13:46+00:00\",\"dateModified\":\"2021-04-15T10:48:31+00:00\",\"breadcrumb\":{\"@id\":\"https:\/\/tangotravel.us\/hoteles\/#breadcrumb\"},\"inLanguage\":\"en-US\",\"potentialAction\":[{\"@type\":\"ReadAction\",\"target\":[\"https:\/\/tangotravel.us\/hoteles\/\"]}]},{\"@type\":\"BreadcrumbList\",\"@id\":\"https:\/\/tangotravel.us\/hoteles\/#breadcrumb\",\"itemListElement\":[{\"@type\":\"ListItem\",\"position\":1,\"name\":\"Portada\",\"item\":\"https:\/\/tangotravel.us\/\"},{\"@type\":\"ListItem\",\"position\":2,\"name\":\"Hoteles\"}]},{\"@type\":\"WebSite\",\"@id\":\"https:\/\/tangotravel.us\/#website\",\"url\":\"https:\/\/tangotravel.us\/\",\"name\":\"My CMS\",\"description\":\"Agencia de viajes\",\"publisher\":{\"@id\":\"https:\/\/tangotravel.us\/#organization\"},\"potentialAction\":[{\"@type\":\"SearchAction\",\"target\":{\"@type\":\"EntryPoint\",\"urlTemplate\":\"https:\/\/tangotravel.us\/?s={search_term_string}\"},\"query-input\":\"required name=search_term_string\"}],\"inLanguage\":\"en-US\"},{\"@type\":\"Organization\",\"@id\":\"https:\/\/tangotravel.us\/#organization\",\"name\":\"My CMS\",\"url\":\"https:\/\/tangotravel.us\/\",\"logo\":{\"@type\":\"ImageObject\",\"inLanguage\":\"en-US\",\"@id\":\"https:\/\/tangotravel.us\/#\/schema\/logo\/image\/\",\"url\":\"https:\/\/tangotravel.us\/wp-content\/uploads\/2021\/02\/logo-tangotravel.png\",\"contentUrl\":\"https:\/\/tangotravel.us\/wp-content\/uploads\/2021\/02\/logo-tangotravel.png\",\"width\":500,\"height\":306,\"caption\":\"My CMS\"},\"image\":{\"@id\":\"https:\/\/tangotravel.us\/#\/schema\/logo\/image\/\"}}]}<\/script>\n<!-- \/ Yoast SEO plugin. -->","yoast_head_json":{"title":"Hoteles - My CMS","robots":{"index":"index","follow":"follow","max-snippet":"max-snippet:-1","max-image-preview":"max-image-preview:large","max-video-preview":"max-video-preview:-1"},"canonical":"https:\/\/tangotravel.us\/en\/hoteles\/","og_locale":"en_US","og_type":"article","og_title":"Hoteles - My CMS","og_description":"Hoteles","og_url":"https:\/\/tangotravel.us\/en\/hoteles\/","og_site_name":"My CMS","article_modified_time":"2021-04-15T10:48:31+00:00","twitter_card":"summary_large_image","twitter_misc":{"Est. reading time":"1 minute"},"schema":{"@context":"https:\/\/schema.org","@graph":[{"@type":"WebPage","@id":"https:\/\/tangotravel.us\/hoteles\/","url":"https:\/\/tangotravel.us\/hoteles\/","name":"Hoteles - My CMS","isPartOf":{"@id":"https:\/\/tangotravel.us\/#website"},"datePublished":"2021-04-15T10:13:46+00:00","dateModified":"2021-04-15T10:48:31+00:00","breadcrumb":{"@id":"https:\/\/tangotravel.us\/hoteles\/#breadcrumb"},"inLanguage":"en-US","potentialAction":[{"@type":"ReadAction","target":["https:\/\/tangotravel.us\/hoteles\/"]}]},{"@type":"BreadcrumbList","@id":"https:\/\/tangotravel.us\/hoteles\/#breadcrumb","itemListElement":[{"@type":"ListItem","position":1,"name":"Portada","item":"https:\/\/tangotravel.us\/"},{"@type":"ListItem","position":2,"name":"Hoteles"}]},{"@type":"WebSite","@id":"https:\/\/tangotravel.us\/#website","url":"https:\/\/tangotravel.us\/","name":"My CMS","description":"Agencia de viajes","publisher":{"@id":"https:\/\/tangotravel.us\/#organization"},"potentialAction":[{"@type":"SearchAction","target":{"@type":"EntryPoint","urlTemplate":"https:\/\/tangotravel.us\/?s={search_term_string}"},"query-input":"required name=search_term_string"}],"inLanguage":"en-US"},{"@type":"Organization","@id":"https:\/\/tangotravel.us\/#organization","name":"My CMS","url":"https:\/\/tangotravel.us\/","logo":{"@type":"ImageObject","inLanguage":"en-US","@id":"https:\/\/tangotravel.us\/#\/schema\/logo\/image\/","url":"https:\/\/tangotravel.us\/wp-content\/uploads\/2021\/02\/logo-tangotravel.png","contentUrl":"https:\/\/tangotravel.us\/wp-content\/uploads\/2021\/02\/logo-tangotravel.png","width":500,"height":306,"caption":"My CMS"},"image":{"@id":"https:\/\/tangotravel.us\/#\/schema\/logo\/image\/"}}]}},"_links":{"self":[{"href":"https:\/\/tangotravel.us\/en\/wp-json\/wp\/v2\/pages\/1112"}],"collection":[{"href":"https:\/\/tangotravel.us\/en\/wp-json\/wp\/v2\/pages"}],"about":[{"href":"https:\/\/tangotravel.us\/en\/wp-json\/wp\/v2\/types\/page"}],"author":[{"embeddable":true,"href":"https:\/\/tangotravel.us\/en\/wp-json\/wp\/v2\/users\/1"}],"replies":[{"embeddable":true,"href":"https:\/\/tangotravel.us\/en\/wp-json\/wp\/v2\/comments?post=1112"}],"version-history":[{"count":13,"href":"https:\/\/tangotravel.us\/en\/wp-json\/wp\/v2\/pages\/1112\/revisions"}],"predecessor-version":[{"id":1197,"href":"https:\/\/tangotravel.us\/en\/wp-json\/wp\/v2\/pages\/1112\/revisions\/1197"}],"wp:attachment":[{"href":"https:\/\/tangotravel.us\/en\/wp-json\/wp\/v2\/media?parent=1112"}],"curies":[{"name":"wp","href":"https:\/\/api.w.org\/{rel}","templated":true}]}}